{"id":66,"date":"2024-07-10T14:33:28","date_gmt":"2024-07-10T12:33:28","guid":{"rendered":"https:\/\/rasadniklukic.rs\/?page_id=66"},"modified":"2024-07-10T14:36:15","modified_gmt":"2024-07-10T12:36:15","slug":"o-nama","status":"publish","type":"page","link":"https:\/\/www.rasadniklukic.rs\/index.php\/o-nama\/","title":{"rendered":"O nama"},"content":{"rendered":"\t\t<div data-elementor-type=\"wp-page\" data-elementor-id=\"66\" class=\"elementor elementor-66\" data-elementor-post-type=\"page\">\n\t\t\t\t<div class=\"elementor-element elementor-element-1f343542 e-flex e-con-boxed e-con e-parent\" data-id=\"1f343542\" data-element_type=\"container\">\n\t\t\t\t\t<div class=\"e-con-inner\">\n\t\t<div class=\"elementor-element elementor-element-1152794f e-flex e-con-boxed e-con e-child\" data-id=\"1152794f\" data-element_type=\"container\">\n\t\t\t\t\t<div class=\"e-con-inner\">\n\t\t\t\t<div class=\"elementor-element elementor-element-37a2be elementor-headline--style-highlight elementor-widget elementor-widget-animated-headline\" data-id=\"37a2be\" data-element_type=\"widget\" data-settings=\"{&quot;marker&quot;:&quot;double_underline&quot;,&quot;highlighted_text&quot;:&quot;O NAMA&quot;,&quot;headline_style&quot;:&quot;highlight&quot;,&quot;highlight_animation_duration&quot;:1200}\" data-widget_type=\"animated-headline.default\">\n\t\t\t\t<div class=\"elementor-widget-container\">\n\t\t\t\t\t\t\t<h3 class=\"elementor-headline\">\n\t\t\t\t<span class=\"elementor-headline-dynamic-wrapper elementor-headline-text-wrapper\">\n\t\t\t\t\t<span class=\"elementor-headline-dynamic-text elementor-headline-text-active\">O NAMA<\/span>\n\t\t\t\t<\/span>\n\t\t\t\t<\/h3>\n\t\t\t\t\t\t<\/div>\n\t\t\t\t<\/div>\n\t\t\t\t\t<\/div>\n\t\t\t\t<\/div>\n\t\t\t\t\t<\/div>\n\t\t\t\t<\/div>\n\t\t<div class=\"elementor-element elementor-element-6871d073 e-flex e-con-boxed e-con e-parent\" data-id=\"6871d073\" data-element_type=\"container\">\n\t\t\t\t\t<div class=\"e-con-inner\">\n\t\t<div class=\"elementor-element elementor-element-17abd1c6 e-flex e-con-boxed e-con e-child\" data-id=\"17abd1c6\" data-element_type=\"container\">\n\t\t\t\t\t<div class=\"e-con-inner\">\n\t\t\t\t<div class=\"elementor-element elementor-element-1b88ae9a elementor-widget elementor-widget-text-editor\" data-id=\"1b88ae9a\" data-element_type=\"widget\" data-widget_type=\"text-editor.default\">\n\t\t\t\t<div class=\"elementor-widget-container\">\n\t\t\t\t\t\t\t\t\t<blockquote><p><strong>DOBRODO\u0160LI U RASADNIK LUKI\u0106!<\/strong><\/p><p>Na\u0161a pri\u010da po\u010dinje 2003. godine, kada smo osnovali porodi\u010dno poljoprivredno gazdinstvo sa stra\u0161\u0107u prema biljkama i zemlji. Od tada, posve\u0107eni smo proizvodnji kvalitetnog rasada koji \u0107e vam pomo\u0107i da va\u0161 vrt, ba\u0161ta ili polje procvetaju.<\/p><p class=\"MsoNormal\" style=\"mso-margin-top-alt: auto; mso-margin-bottom-alt: auto; line-height: normal; mso-outline-level: 3;\">\u00a0<\/p><\/blockquote>\t\t\t\t\t\t\t\t<\/div>\n\t\t\t\t<\/div>\n\t\t\t\t\t<\/div>\n\t\t\t\t<\/div>\n\t\t\t\t\t<\/div>\n\t\t\t\t<\/div>\n\t\t<div class=\"elementor-element elementor-element-233f0a65 e-flex e-con-boxed e-con e-parent\" data-id=\"233f0a65\" data-element_type=\"container\">\n\t\t\t\t\t<div class=\"e-con-inner\">\n\t\t<div class=\"elementor-element elementor-element-2c7d80cf e-flex e-con-boxed e-con e-child\" data-id=\"2c7d80cf\" data-element_type=\"container\">\n\t\t\t\t\t<div class=\"e-con-inner\">\n\t\t\t\t<div class=\"elementor-element elementor-element-70447c67 elementor-invisible elementor-widget elementor-widget-video\" data-id=\"70447c67\" data-element_type=\"widget\" data-settings=\"{&quot;video_type&quot;:&quot;hosted&quot;,&quot;autoplay&quot;:&quot;yes&quot;,&quot;play_on_mobile&quot;:&quot;yes&quot;,&quot;mute&quot;:&quot;yes&quot;,&quot;_animation&quot;:&quot;zoomIn&quot;,&quot;_animation_mobile&quot;:&quot;zoomIn&quot;}\" data-widget_type=\"video.default\">\n\t\t\t\t<div class=\"elementor-widget-container\">\n\t\t\t\t\t\t\t<div class=\"e-hosted-video elementor-wrapper elementor-open-inline\">\n\t\t\t\t\t<video class=\"elementor-video\" src=\"https:\/\/rasadniklukic.rs\/wp-content\/uploads\/2024\/07\/Lukic-Final.mp4\" autoplay=\"\" muted=\"muted\" playsinline=\"\" controlsList=\"nodownload\"><\/video>\n\t\t\t\t<\/div>\n\t\t\t\t\t\t<\/div>\n\t\t\t\t<\/div>\n\t\t\t\t\t<\/div>\n\t\t\t\t<\/div>\n\t\t\t\t\t<\/div>\n\t\t\t\t<\/div>\n\t\t<div class=\"elementor-element elementor-element-2fede043 e-flex e-con-boxed e-con e-parent\" data-id=\"2fede043\" data-element_type=\"container\">\n\t\t\t\t\t<div class=\"e-con-inner\">\n\t\t<div class=\"elementor-element elementor-element-2e09002c e-flex e-con-boxed e-con e-child\" data-id=\"2e09002c\" data-element_type=\"container\">\n\t\t\t\t\t<div class=\"e-con-inner\">\n\t\t\t\t<div class=\"elementor-element elementor-element-3c4c3597 elementor-widget elementor-widget-heading\" data-id=\"3c4c3597\" data-element_type=\"widget\" data-widget_type=\"heading.default\">\n\t\t\t\t<div class=\"elementor-widget-container\">\n\t\t\t\t\t<h2 class=\"elementor-heading-title elementor-size-default\">\u0160ta nas izdvaja:<\/h2>\t\t\t\t<\/div>\n\t\t\t\t<\/div>\n\t\t\t\t\t<\/div>\n\t\t\t\t<\/div>\n\t\t\t\t\t<\/div>\n\t\t\t\t<\/div>\n\t\t<div class=\"elementor-element elementor-element-60d42352 e-flex e-con-boxed e-con e-parent\" data-id=\"60d42352\" data-element_type=\"container\">\n\t\t\t\t\t<div class=\"e-con-inner\">\n\t\t<div class=\"elementor-element elementor-element-5db10add e-flex e-con-boxed e-con e-child\" data-id=\"5db10add\" data-element_type=\"container\">\n\t\t\t\t\t<div class=\"e-con-inner\">\n\t\t\t\t<div class=\"elementor-element elementor-element-7fed9fe4 elementor-widget elementor-widget-heading\" data-id=\"7fed9fe4\" data-element_type=\"widget\" data-widget_type=\"heading.default\">\n\t\t\t\t<div class=\"elementor-widget-container\">\n\t\t\t\t\t<h4 class=\"elementor-heading-title elementor-size-default\">Stru\u010dnost i iskustvo<\/h4>\t\t\t\t<\/div>\n\t\t\t\t<\/div>\n\t\t\t\t\t<\/div>\n\t\t\t\t<\/div>\n\t\t\t\t\t<\/div>\n\t\t\t\t<\/div>\n\t\t<div class=\"elementor-element elementor-element-7ff375fa e-flex e-con-boxed e-con e-parent\" data-id=\"7ff375fa\" data-element_type=\"container\">\n\t\t\t\t\t<div class=\"e-con-inner\">\n\t\t<div class=\"elementor-element elementor-element-248f2312 e-flex e-con-boxed e-con e-child\" data-id=\"248f2312\" data-element_type=\"container\">\n\t\t\t\t\t<div class=\"e-con-inner\">\n\t\t\t\t<div class=\"elementor-element elementor-element-6221c5ca elementor-widget elementor-widget-text-editor\" data-id=\"6221c5ca\" data-element_type=\"widget\" data-widget_type=\"text-editor.default\">\n\t\t\t\t<div class=\"elementor-widget-container\">\n\t\t\t\t\t\t\t\t\t<p>Na\u0161 tim \u010dine stru\u010dnjaci sa dugogodi\u0161njim iskustvom u proizvodnji rasada. Zajedno radimo na tome da svaka biljka dobije najbolje mogu\u0107e uslove za rast.<br \/>Pratimo najnovija istra\u017eivanja i tehnike kako bismo unapredili na\u0161u proizvodnju i pru\u017eili vam najbolji rasad.<\/p>\t\t\t\t\t\t\t\t<\/div>\n\t\t\t\t<\/div>\n\t\t\t\t\t<\/div>\n\t\t\t\t<\/div>\n\t\t\t\t\t<\/div>\n\t\t\t\t<\/div>\n\t\t<div class=\"elementor-element elementor-element-64fdcaef e-flex e-con-boxed e-con e-parent\" data-id=\"64fdcaef\" data-element_type=\"container\">\n\t\t\t\t\t<div class=\"e-con-inner\">\n\t\t<div class=\"elementor-element elementor-element-1dbdf2d8 e-flex e-con-boxed e-con e-child\" data-id=\"1dbdf2d8\" data-element_type=\"container\">\n\t\t\t\t\t<div class=\"e-con-inner\">\n\t\t\t\t<div class=\"elementor-element elementor-element-66d9bebd elementor-widget elementor-widget-heading\" data-id=\"66d9bebd\" data-element_type=\"widget\" data-widget_type=\"heading.default\">\n\t\t\t\t<div class=\"elementor-widget-container\">\n\t\t\t\t\t<h4 class=\"elementor-heading-title elementor-size-default\">Kvalitetni repromaterijali<\/h4>\t\t\t\t<\/div>\n\t\t\t\t<\/div>\n\t\t\t\t\t<\/div>\n\t\t\t\t<\/div>\n\t\t\t\t\t<\/div>\n\t\t\t\t<\/div>\n\t\t<div class=\"elementor-element elementor-element-610e7875 e-flex e-con-boxed e-con e-parent\" data-id=\"610e7875\" data-element_type=\"container\">\n\t\t\t\t\t<div class=\"e-con-inner\">\n\t\t<div class=\"elementor-element elementor-element-7aacbdcd e-flex e-con-boxed e-con e-child\" data-id=\"7aacbdcd\" data-element_type=\"container\">\n\t\t\t\t\t<div class=\"e-con-inner\">\n\t\t\t\t<div class=\"elementor-element elementor-element-573a3c75 elementor-widget elementor-widget-text-editor\" data-id=\"573a3c75\" data-element_type=\"widget\" data-widget_type=\"text-editor.default\">\n\t\t\t\t<div class=\"elementor-widget-container\">\n\t\t\t\t\t\t\t\t\t<p>Koristimo samo najkvalitetnije repromaterijale:<br \/>Semena koja su pa\u017eljivo odabrana za optimalan rast.<br \/>Supstrat koji obezbe\u0111uje bogatstvo hranljivih materija.<br \/>Kontejnere i saksije koji su ekolo\u0161ki prihvatljivi i omogu\u0107avaju zdrav razvoj korena.<\/p>\t\t\t\t\t\t\t\t<\/div>\n\t\t\t\t<\/div>\n\t\t\t\t\t<\/div>\n\t\t\t\t<\/div>\n\t\t\t\t\t<\/div>\n\t\t\t\t<\/div>\n\t\t<div class=\"elementor-element elementor-element-155ed6fb e-flex e-con-boxed e-con e-parent\" data-id=\"155ed6fb\" data-element_type=\"container\">\n\t\t\t\t\t<div class=\"e-con-inner\">\n\t\t<div class=\"elementor-element elementor-element-67588cdf e-flex e-con-boxed e-con e-child\" data-id=\"67588cdf\" data-element_type=\"container\">\n\t\t\t\t\t<div class=\"e-con-inner\">\n\t\t\t\t<div class=\"elementor-element elementor-element-590e7522 elementor-widget elementor-widget-heading\" data-id=\"590e7522\" data-element_type=\"widget\" data-widget_type=\"heading.default\">\n\t\t\t\t<div class=\"elementor-widget-container\">\n\t\t\t\t\t<h4 class=\"elementor-heading-title elementor-size-default\">Na\u0161a misija<\/h4>\t\t\t\t<\/div>\n\t\t\t\t<\/div>\n\t\t\t\t\t<\/div>\n\t\t\t\t<\/div>\n\t\t\t\t\t<\/div>\n\t\t\t\t<\/div>\n\t\t<div class=\"elementor-element elementor-element-2c56c e-flex e-con-boxed e-con e-parent\" data-id=\"2c56c\" data-element_type=\"container\">\n\t\t\t\t\t<div class=\"e-con-inner\">\n\t\t<div class=\"elementor-element elementor-element-17c224c4 e-flex e-con-boxed e-con e-child\" data-id=\"17c224c4\" data-element_type=\"container\">\n\t\t\t\t\t<div class=\"e-con-inner\">\n\t\t\t\t<div class=\"elementor-element elementor-element-35931f63 elementor-widget elementor-widget-text-editor\" data-id=\"35931f63\" data-element_type=\"widget\" data-widget_type=\"text-editor.default\">\n\t\t\t\t<div class=\"elementor-widget-container\">\n\t\t\t\t\t\t\t\t\t<p>\u017delimo da budemo va\u0161 pouzdan partner u stvaranju zelenih oaza. Bez obzira da li imate malu ba\u0161tu ili veliko polje, na\u0161 rasad \u0107e vam pomo\u0107i da postignete izvanredne rezultate.<\/p>\t\t\t\t\t\t\t\t<\/div>\n\t\t\t\t<\/div>\n\t\t\t\t\t<\/div>\n\t\t\t\t<\/div>\n\t\t\t\t\t<\/div>\n\t\t\t\t<\/div>\n\t\t<div class=\"elementor-element elementor-element-1bbc2f32 e-flex e-con-boxed e-con e-parent\" data-id=\"1bbc2f32\" data-element_type=\"container\">\n\t\t\t\t\t<div class=\"e-con-inner\">\n\t\t<div class=\"elementor-element elementor-element-1d93a7a6 e-flex e-con-boxed e-con e-child\" data-id=\"1d93a7a6\" data-element_type=\"container\">\n\t\t\t\t\t<div class=\"e-con-inner\">\n\t\t\t\t<div class=\"elementor-element elementor-element-7e169a31 elementor-widget elementor-widget-text-editor\" data-id=\"7e169a31\" data-element_type=\"widget\" data-widget_type=\"text-editor.default\">\n\t\t\t\t<div class=\"elementor-widget-container\">\n\t\t\t\t\t\t\t\t\t<p><br \/>Hvala \u0161to ste deo na\u0161e pri\u010de! \ud83c\udf31\ud83c\udf3f<\/p><p>Ako imate dodatna pitanja ili \u017eelite da saznate vi\u0161e, slobodno nas kontaktirajte. Radujemo se \u0161to \u0107emo biti deo va\u0161eg putovanja ka prelepom biljnom svetu! \ud83c\udf3c\ud83c\udf3a<\/p>\t\t\t\t\t\t\t\t<\/div>\n\t\t\t\t<\/div>\n\t\t\t\t\t<\/div>\n\t\t\t\t<\/div>\n\t\t\t\t\t<\/div>\n\t\t\t\t<\/div>\n\t\t\t\t<\/div>\n\t\t","protected":false},"excerpt":{"rendered":"<p>O NAMA DOBRODO\u0160LI U RASADNIK LUKI\u0106! Na\u0161a pri\u010da po\u010dinje 2003. godine, kada smo osnovali porodi\u010dno poljoprivredno gazdinstvo sa stra\u0161\u0107u prema biljkama i zemlji. Od tada, posve\u0107eni smo proizvodnji kvalitetnog rasada koji \u0107e vam pomo\u0107i da va\u0161 vrt, ba\u0161ta ili polje procvetaju. \u00a0 https:\/\/rasadniklukic.rs\/wp-content\/uploads\/2024\/07\/Lukic-Final.mp4 \u0160ta nas izdvaja: Stru\u010dnost i iskustvo Na\u0161 tim \u010dine stru\u010dnjaci sa dugogodi\u0161njim [&hellip;]<\/p>\n","protected":false},"author":1,"featured_media":0,"parent":0,"menu_order":0,"comment_status":"closed","ping_status":"closed","template":"","meta":{"footnotes":""},"class_list":["post-66","page","type-page","status-publish","hentry"],"_links":{"self":[{"href":"https:\/\/www.rasadniklukic.rs\/index.php\/wp-json\/wp\/v2\/pages\/66","targetHints":{"allow":["GET"]}}],"collection":[{"href":"https:\/\/www.rasadniklukic.rs\/index.php\/wp-json\/wp\/v2\/pages"}],"about":[{"href":"https:\/\/www.rasadniklukic.rs\/index.php\/wp-json\/wp\/v2\/types\/page"}],"author":[{"embeddable":true,"href":"https:\/\/www.rasadniklukic.rs\/index.php\/wp-json\/wp\/v2\/users\/1"}],"replies":[{"embeddable":true,"href":"https:\/\/www.rasadniklukic.rs\/index.php\/wp-json\/wp\/v2\/comments?post=66"}],"version-history":[{"count":7,"href":"https:\/\/www.rasadniklukic.rs\/index.php\/wp-json\/wp\/v2\/pages\/66\/revisions"}],"predecessor-version":[{"id":81,"href":"https:\/\/www.rasadniklukic.rs\/index.php\/wp-json\/wp\/v2\/pages\/66\/revisions\/81"}],"wp:attachment":[{"href":"https:\/\/www.rasadniklukic.rs\/index.php\/wp-json\/wp\/v2\/media?parent=66"}],"curies":[{"name":"wp","href":"https:\/\/api.w.org\/{rel}","templated":true}]}}